    {"id":2,"date":"2022-09-13T10:15:13","date_gmt":"2022-09-13T10:15:13","guid":{"rendered":"https:\/\/psaalentejo.com\/?page_id=2"},"modified":"2022-12-15T19:12:03","modified_gmt":"2022-12-15T19:12:03","slug":"azeite-do-alentejo","status":"publish","type":"page","link":"https:\/\/psaalentejo.com\/pt-pt\/","title":{"rendered":"Azeite do Alentejo"},"content":{"rendered":"\n<div id=\"slider_69d6bcb51bfed\" class=\"slider_instance\" style=\"position: relative;\" data-options=\"{&quot;id&quot;:1,&quot;name&quot;:&quot;slider 1&quot;,&quot;instanceName&quot;:&quot;Homepage&quot;,&quot;date&quot;:&quot;2022-09-16 13:05:17&quot;,&quot;status&quot;:&quot;published&quot;,&quot;layerWidth&quot;:&quot;100%&quot;,&quot;layerHeight&quot;:&quot;100%&quot;,&quot;shadow&quot;:&quot;off&quot;,&quot;lightboxMode&quot;:{&quot;enable&quot;:false,&quot;text&quot;:&quot;open in LIGHTBOX&quot;,&quot;fontFamily&quot;:&quot;Arial&quot;,&quot;fontColor&quot;:&quot;#6C6C6C&quot;,&quot;hoverColor&quot;:&quot;#333333&quot;,&quot;fontSize&quot;:20},&quot;mode&quot;:&quot;webgl&quot;,&quot;initialSlide&quot;:0,&quot;grabCursor&quot;:true,&quot;stopOnLastSlide&quot;:false,&quot;showSlidesRandomOrder&quot;:false,&quot;preloadFirstSlide&quot;:false,&quot;width&quot;:1000,&quot;height&quot;:550,&quot;responsive&quot;:true,&quot;ratio&quot;:2,&quot;forceResponsive&quot;:true,&quot;fullscreen&quot;:true,&quot;layerStarOnTransitionStart&quot;:false,&quot;tabletSize&quot;:1024,&quot;mobileSize&quot;:768,&quot;autoplay&quot;:{&quot;enable&quot;:false,&quot;delay&quot;:3000,&quot;progress&quot;:false,&quot;pauseOnHover&quot;:false,&quot;reverseDirection&quot;:false},&quot;buttons&quot;:{&quot;pauseVisible&quot;:false,&quot;muteVisible&quot;:false},&quot;resetVideos&quot;:false,&quot;videoAutoplay&quot;:true,&quot;navigation&quot;:{&quot;enable&quot;:true,&quot;style&quot;:&quot;effect4&quot;},&quot;keyboard&quot;:{&quot;enable&quot;:true},&quot;wheelNavigation&quot;:{&quot;enable&quot;:false,&quot;stopOnLast&quot;:false,&quot;interval&quot;:2000},&quot;pagination&quot;:{&quot;enable&quot;:true,&quot;style&quot;:&quot;effect2&quot;,&quot;clickable&quot;:true,&quot;dynamicBullets&quot;:false},&quot;thumbs&quot;:{&quot;enable&quot;:false,&quot;position&quot;:&quot;bottom&quot;,&quot;thumbWidth&quot;:100,&quot;thumbHeight&quot;:60,&quot;spaceAround&quot;:3,&quot;spaceBetween&quot;:3,&quot;outsideSlider&quot;:true,&quot;centered&quot;:true},&quot;hashNavigation&quot;:{&quot;enable&quot;:false},&quot;loading&quot;:{&quot;fadeEffect&quot;:true,&quot;backgroundColor&quot;:&quot;#FFFFFF&quot;,&quot;color&quot;:&quot;#262626&quot;,&quot;style&quot;:&quot;style2&quot;},&quot;lightbox&quot;:{&quot;backgroundColor&quot;:&quot;#000000F2&quot;,&quot;closeColor&quot;:&quot;#FFFFFF&quot;},&quot;slides&quot;:[{&quot;src&quot;:&quot;https:\\\/\\\/psaalentejo.com\\\/wp-content\\\/uploads\\\/1612316392-1.jpg&quot;,&quot;thumbSrc&quot;:&quot;https:\\\/\\\/psaalentejo.com\\\/wp-content\\\/uploads\\\/1612316392-1-300x183.jpg&quot;,&quot;transitionEffect&quot;:&quot;slide&quot;,&quot;elements&quot;:[{&quot;type&quot;:&quot;heading&quot;,&quot;mode&quot;:&quot;content&quot;,&quot;content&quot;:&quot;Programa de Sustentabilidade\\ndo Azeite do Alentejo&quot;,&quot;htmlTag&quot;:&quot;h1&quot;,&quot;fontSize&quot;:&quot;60px&quot;,&quot;fontWeight&quot;:&quot;normal&quot;,&quot;textColor&quot;:&quot;#E0E1C0&quot;,&quot;backgroundColor&quot;:&quot;#00000000&quot;,&quot;borderRadius&quot;:&quot;0&quot;,&quot;position&quot;:{&quot;x&quot;:&quot;center&quot;,&quot;y&quot;:&quot;center&quot;,&quot;offsetX&quot;:0,&quot;offsetY&quot;:0},&quot;typingAnimation&quot;:{&quot;speed&quot;:50,&quot;loop&quot;:false,&quot;loopDelay&quot;:750,&quot;cursor&quot;:true,&quot;startDelay&quot;:0,&quot;freezeAt&quot;:0,&quot;unfreezeAfter&quot;:0},&quot;startAnimation&quot;:{&quot;animation&quot;:&quot;fadeInUp&quot;,&quot;speed&quot;:500,&quot;delay&quot;:0},&quot;endAnimation&quot;:{&quot;animation&quot;:&quot;fadeOutUp&quot;,&quot;speed&quot;:500,&quot;delay&quot;:0},&quot;contentAnimationType&quot;:&quot;animating&quot;,&quot;color&quot;:&quot;#E0E1C0&quot;,&quot;textAlign&quot;:&quot;center&quot;,&quot;mobile&quot;:{&quot;fontSize&quot;:&quot;45px&quot;,&quot;marginTop&quot;:&quot;0px&quot;,&quot;width&quot;:&quot;90%&quot;}}],&quot;direction&quot;:&quot;left&quot;}],&quot;fullscreenTablet&quot;:true,&quot;fullscreenMobile&quot;:true,&quot;widthMobile&quot;:1000,&quot;widthTablet&quot;:1000,&quot;heightMobile&quot;:550,&quot;heightTablet&quot;:550,&quot;responsiveMobile&quot;:true,&quot;responsiveTablet&quot;:true,&quot;forceResponsiveMobile&quot;:true,&quot;forceResponsiveTablet&quot;:true,&quot;lightboxModeMobile&quot;:{&quot;enable&quot;:false,&quot;text&quot;:&quot;open in LIGHTBOX&quot;,&quot;fontColor&quot;:&quot;#6C6C6C&quot;,&quot;hoverColor&quot;:&quot;#333333&quot;,&quot;fontFamily&quot;:&quot;Arial&quot;,&quot;fontSize&quot;:20},&quot;lightboxModeTablet&quot;:{&quot;enable&quot;:false,&quot;text&quot;:&quot;open in LIGHTBOX&quot;,&quot;fontColor&quot;:&quot;#6C6C6C&quot;,&quot;hoverColor&quot;:&quot;#333333&quot;,&quot;fontFamily&quot;:&quot;Arial&quot;,&quot;fontSize&quot;:20},&quot;rootFolder&quot;:&quot;https:\\\/\\\/psaalentejo.com\\\/wp-content\\\/plugins\\\/transition-slider\\\/&quot;}\"><\/div>\n\n\n<div class=\"olive_separator\">\r\n    <div class=\"separator_left\"><\/div>\r\n    <div class=\"olive_icon\"><\/div>\r\n    <div class=\"separator_right\"><\/div>\r\n<\/div>\n\n\n<div class=\"wp-block-group alignwide olive has-opacity-green-alternative-background-color has-background\"><div class=\"wp-block-group__inner-container is-layout-flow wp-block-group-is-layout-flow\">\n<div style=\"height:100px\" aria-hidden=\"true\" class=\"wp-block-spacer\"><\/div>\n\n\n\n<h2 class=\"has-text-align-center has-x-large-font-size wp-block-heading\">O PSAA<\/h2>\n\n\n\n<div style=\"height:15px\" aria-hidden=\"true\" class=\"wp-block-spacer\"><\/div>\n\n\n\n<p class=\"has-text-align-center\">O Programa de Sustentabilidade do Azeite do Alentejo, projeto liderado pela OLIVUM, em parceria com a Universidade de \u00c9vora, reconhece, refor\u00e7a e valoriza o desempenho ambiental, social, econ\u00f3mico e cultural, presente em toda a cadeia de valor do azeite, desde a produ\u00e7\u00e3o da azeitona ao consumidor final<\/p>\n\n\n\n<hr class=\"wp-block-separator has-text-color has-light-green-color has-alpha-channel-opacity has-light-green-background-color has-background\"\/>\n\n\n\n<h3 class=\"has-text-align-center has-large-font-size wp-block-heading\">Objetivos<\/h3>\n\n\n\n<div class=\"wp-block-columns is-layout-flex wp-container-core-columns-is-layout-9d6595d7 wp-block-columns-is-layout-flex\">\n<div class=\"wp-block-column is-vertically-aligned-center is-layout-flow wp-block-column-is-layout-flow\"><div class=\"wp-block-image\">\n<figure class=\"aligncenter size-large\"><img loading=\"lazy\" decoding=\"async\" width=\"56\" height=\"56\" src=\"https:\/\/psaalentejo.com\/wp-content\/uploads\/Grupo-88.svg\" alt=\"PSAA\" class=\"wp-image-16\"\/><\/figure>\n<\/div>\n\n\n<p class=\"has-text-align-center\">Refor\u00e7ar a imagem e o valor do azeite da regi\u00e3o.<\/p>\n<\/div>\n\n\n\n<div class=\"wp-block-column is-vertically-aligned-center is-layout-flow wp-block-column-is-layout-flow\"><div class=\"wp-block-image\">\n<figure class=\"aligncenter size-large\"><img loading=\"lazy\" decoding=\"async\" width=\"56\" height=\"56\" src=\"https:\/\/psaalentejo.com\/wp-content\/uploads\/Grupo-89.svg\" alt=\"PSAA\" class=\"wp-image-17\"\/><\/figure>\n<\/div>\n\n\n<p class=\"has-text-align-center\">Melhorar a produtividade, efici\u00eancia e competitividade do setor.<\/p>\n<\/div>\n\n\n\n<div class=\"wp-block-column is-vertically-aligned-center is-layout-flow wp-block-column-is-layout-flow\"><div class=\"wp-block-image\">\n<figure class=\"aligncenter size-large\"><img loading=\"lazy\" decoding=\"async\" width=\"57\" height=\"57\" src=\"https:\/\/psaalentejo.com\/wp-content\/uploads\/Grupo-90.svg\" alt=\"PSAA\" class=\"wp-image-18\"\/><\/figure>\n<\/div>\n\n\n<p class=\"has-text-align-center\">Juntar um conjunto alargado de especialistas nacionais e internacionais.<\/p>\n<\/div>\n<\/div>\n\n\n\n<div class=\"wp-block-columns is-layout-flex wp-container-core-columns-is-layout-9d6595d7 wp-block-columns-is-layout-flex\">\n<div class=\"wp-block-column is-vertically-aligned-center is-layout-flow wp-block-column-is-layout-flow\"><div class=\"wp-block-image\">\n<figure class=\"aligncenter size-large\"><img loading=\"lazy\" decoding=\"async\" width=\"58\" height=\"58\" src=\"https:\/\/psaalentejo.com\/wp-content\/uploads\/Grupo-93.svg\" alt=\"PSAA\" class=\"wp-image-19\"\/><\/figure>\n<\/div>\n\n\n<p class=\"has-text-align-center\">Promover a participa\u00e7\u00e3o de todos os agentes econ\u00f3micos do setor do azeite.<\/p>\n<\/div>\n\n\n\n<div class=\"wp-block-column is-vertically-aligned-center is-layout-flow wp-block-column-is-layout-flow\"><div class=\"wp-block-image\">\n<figure class=\"aligncenter size-large\"><img loading=\"lazy\" decoding=\"async\" width=\"56\" height=\"55\" src=\"https:\/\/psaalentejo.com\/wp-content\/uploads\/Grupo-240.svg\" alt=\"Programa de Sustentabilidade do Azeite do Alentejo\" class=\"wp-image-21\"\/><\/figure>\n<\/div>\n\n\n<p class=\"has-text-align-center\">Desenvolver um referencial de pr\u00e1ticas sustent\u00e1veis.<\/p>\n<\/div>\n\n\n\n<div class=\"wp-block-column is-vertically-aligned-center is-layout-flow wp-block-column-is-layout-flow\"><div class=\"wp-block-image\">\n<figure class=\"aligncenter size-large\"><img loading=\"lazy\" decoding=\"async\" width=\"57\" height=\"56\" src=\"https:\/\/psaalentejo.com\/wp-content\/uploads\/Grupo-96.svg\" alt=\"Programa de Sustentabilidade do Azeite do Alentejo\" class=\"wp-image-20\"\/><\/figure>\n<\/div>\n\n\n<p class=\"has-text-align-center\">Criar uma certifica\u00e7\u00e3o para o azeite do Alentejo.<\/p>\n<\/div>\n<\/div>\n\n\n\n<div style=\"height:50px\" aria-hidden=\"true\" class=\"wp-block-spacer\"><\/div>\n<\/div><\/div>\n\n\n\n<div style=\"height:50px\" aria-hidden=\"true\" class=\"wp-block-spacer\"><\/div>\n\n\n\n<h3 class=\"has-text-align-center has-x-large-font-size wp-block-heading\">Not\u00edcias<\/h3>\n\n\n\n<div class=\"wp-block-columns is-layout-flex wp-container-core-columns-is-layout-9d6595d7 wp-block-columns-is-layout-flex\">\n<div class=\"wp-block-column is-layout-flow wp-block-column-is-layout-flow\" style=\"flex-basis:100%\"><ul class=\"wp-block-latest-posts__list is-grid columns-3 wp-block-latest-posts\"><li><div class=\"wp-block-latest-posts__featured-image aligncenter\"><a href=\"https:\/\/psaalentejo.com\/pt-pt\/olivum-lanca-debate-sobre-os-novos-desafios-para-a-olivicultura-nacional-na-agroglobal-2023\/\" aria-label=\"OLIVUM lan\u00e7ou debate sobre os novos desafios para a olivicultura nacional na Agroglobal 2023\"><img loading=\"lazy\" decoding=\"async\" width=\"300\" height=\"217\" src=\"https:\/\/psaalentejo.com\/wp-content\/uploads\/DSC02688-300x217.jpg\" class=\"attachment-thumbnail size-thumbnail wp-post-image\" alt=\"\" style=\"\" \/><\/a><\/div><a class=\"wp-block-latest-posts__post-title\" href=\"https:\/\/psaalentejo.com\/pt-pt\/olivum-lanca-debate-sobre-os-novos-desafios-para-a-olivicultura-nacional-na-agroglobal-2023\/\">OLIVUM lan\u00e7ou debate sobre os novos desafios para a olivicultura nacional na Agroglobal 2023<\/a><div class=\"wp-block-latest-posts__post-excerpt\">A OLIVUM, entidade l\u00edder do Programa de Sustentabilidade do Azeite do Alentejo, realizou, em parceria com a CONSULAI, um semin\u00e1rio na Agroglobal, no passado dia 6 de setembro, no CNEMA, em Santar\u00e9m. <\/div><\/li>\n<li><div class=\"wp-block-latest-posts__featured-image aligncenter\"><a href=\"https:\/\/psaalentejo.com\/pt-pt\/referencial-do-programa-de-sustentabilidade-do-azeite-do-alentejo-apresentado-em-beja-no-proximo-dia-27-de-junho\/\" aria-label=\"Referencial do Programa de Sustentabilidade do Azeite do Alentejo apresentado em Beja, no pr\u00f3ximo dia 27 de junho\"><img loading=\"lazy\" decoding=\"async\" width=\"300\" height=\"217\" src=\"https:\/\/psaalentejo.com\/wp-content\/uploads\/Banner-Evento-Website-300x217.png\" class=\"attachment-thumbnail size-thumbnail wp-post-image\" alt=\"\" style=\"\" \/><\/a><\/div><a class=\"wp-block-latest-posts__post-title\" href=\"https:\/\/psaalentejo.com\/pt-pt\/referencial-do-programa-de-sustentabilidade-do-azeite-do-alentejo-apresentado-em-beja-no-proximo-dia-27-de-junho\/\">Referencial do Programa de Sustentabilidade do Azeite do Alentejo apresentado em Beja, no pr\u00f3ximo dia 27 de junho<\/a><div class=\"wp-block-latest-posts__post-excerpt\">No pr\u00f3ximo dia 27 de junho, no CIBT-Nerbe (Centro de Incuba\u00e7\u00e3o de Base Tecnol\u00f3gica), em Beja, ser\u00e1 oficialmente apresentado o Referencial de Sustentabilidade do Azeite [&hellip;]<\/div><\/li>\n<li><div class=\"wp-block-latest-posts__featured-image aligncenter\"><a href=\"https:\/\/psaalentejo.com\/pt-pt\/sustainability4oliveoil-programa-de-sustentabilidade-do-azeite-do-alentejo-promove-evento\/\" aria-label=\"Sustainability4OliveOil: Programa de Sustentabilidade do Azeite do Alentejo promove evento\"><img loading=\"lazy\" decoding=\"async\" width=\"300\" height=\"217\" src=\"https:\/\/psaalentejo.com\/wp-content\/uploads\/Banner-Site-05-300x217.png\" class=\"attachment-thumbnail size-thumbnail wp-post-image\" alt=\"\" style=\"\" \/><\/a><\/div><a class=\"wp-block-latest-posts__post-title\" href=\"https:\/\/psaalentejo.com\/pt-pt\/sustainability4oliveoil-programa-de-sustentabilidade-do-azeite-do-alentejo-promove-evento\/\">Sustainability4OliveOil: Programa de Sustentabilidade do Azeite do Alentejo promove evento<\/a><div class=\"wp-block-latest-posts__post-excerpt\">O Programa de Sustentabilidade do Azeite do Alentejo convidou um painel de oradores nacionais e internacionais para marcarem presen\u00e7a no Sustainability4OliveOil, um evento organizado pela [&hellip;]<\/div><\/li>\n<\/ul><\/div>\n<\/div>\n","protected":false},"excerpt":{"rendered":"<p>O PSAA O Programa de Sustentabilidade do Azeite do Alentejo, projeto liderado pela OLIVUM, em parceria com a Universidade de \u00c9vora, reconhece, refor\u00e7a e valoriza [&hellip;]<\/p>\n","protected":false},"author":1,"featured_media":0,"parent":0,"menu_order":0,"comment_status":"closed","ping_status":"closed","template":"","meta":{"inline_featured_image":false,"_kad_blocks_custom_css":"","_kad_blocks_head_custom_js":"","_kad_blocks_body_custom_js":"","_kad_blocks_footer_custom_js":"","footnotes":""},"class_list":["post-2","page","type-page","status-publish","hentry"],"acf":[],"yoast_head":"<!-- This site is optimized with the Yoast SEO plugin v27.3 - https:\/\/yoast.com\/product\/yoast-seo-wordpress\/ -->\r\n<title>Azeite do Alentejo - PSAA<\/title>\r\n<meta name=\"description\" content=\"O Programa de Sustentabilidade do Azeite do Alentejo reconhece e refor\u00e7a o desempenho sustent\u00e1vel de toda a cadeia de valor do azeite.\" \/>\r\n<meta name=\"robots\" content=\"index, follow, max-snippet:-1, max-image-preview:large, max-video-preview:-1\" \/>\r\n<link rel=\"canonical\" href=\"https:\/\/psaalentejo.com\/pt-pt\/\" \/>\r\n<meta property=\"og:locale\" content=\"pt_PT\" \/>\r\n<meta property=\"og:type\" content=\"article\" \/>\r\n<meta property=\"og:title\" content=\"Azeite do Alentejo - PSAA\" \/>\r\n<meta property=\"og:description\" content=\"O Programa de Sustentabilidade do Azeite do Alentejo reconhece e refor\u00e7a o desempenho sustent\u00e1vel de toda a cadeia de valor do azeite.\" \/>\r\n<meta property=\"og:url\" content=\"https:\/\/psaalentejo.com\/pt-pt\/\" \/>\r\n<meta property=\"og:site_name\" content=\"PSAA\" \/>\r\n<meta property=\"article:publisher\" content=\"https:\/\/www.facebook.com\/PSAAlentejo\" \/>\r\n<meta property=\"article:modified_time\" content=\"2022-12-15T19:12:03+00:00\" \/>\r\n<meta property=\"og:image\" content=\"https:\/\/psaalentejo.com\/wp-content\/uploads\/Grupo-88.svg\" \/>\r\n<meta name=\"twitter:card\" content=\"summary_large_image\" \/>\r\n<meta name=\"twitter:label1\" content=\"Tempo estimado de leitura\" \/>\n\t<meta name=\"twitter:data1\" content=\"2 minutos\" \/>\r\n<script type=\"application\/ld+json\" class=\"yoast-schema-graph\">{\"@context\":\"https:\\\/\\\/schema.org\",\"@graph\":[{\"@type\":\"WebPage\",\"@id\":\"https:\\\/\\\/psaalentejo.com\\\/pt-pt\\\/\",\"url\":\"https:\\\/\\\/psaalentejo.com\\\/pt-pt\\\/\",\"name\":\"Azeite do Alentejo - PSAA\",\"isPartOf\":{\"@id\":\"https:\\\/\\\/psaalentejo.com\\\/pt-pt\\\/#website\"},\"primaryImageOfPage\":{\"@id\":\"https:\\\/\\\/psaalentejo.com\\\/pt-pt\\\/#primaryimage\"},\"image\":{\"@id\":\"https:\\\/\\\/psaalentejo.com\\\/pt-pt\\\/#primaryimage\"},\"thumbnailUrl\":\"https:\\\/\\\/psaalentejo.com\\\/wp-content\\\/uploads\\\/Grupo-88.svg\",\"datePublished\":\"2022-09-13T10:15:13+00:00\",\"dateModified\":\"2022-12-15T19:12:03+00:00\",\"description\":\"O Programa de Sustentabilidade do Azeite do Alentejo reconhece e refor\u00e7a o desempenho sustent\u00e1vel de toda a cadeia de valor do azeite.\",\"breadcrumb\":{\"@id\":\"https:\\\/\\\/psaalentejo.com\\\/pt-pt\\\/#breadcrumb\"},\"inLanguage\":\"pt-PT\",\"potentialAction\":[{\"@type\":\"ReadAction\",\"target\":[\"https:\\\/\\\/psaalentejo.com\\\/pt-pt\\\/\"]}]},{\"@type\":\"ImageObject\",\"inLanguage\":\"pt-PT\",\"@id\":\"https:\\\/\\\/psaalentejo.com\\\/pt-pt\\\/#primaryimage\",\"url\":\"https:\\\/\\\/psaalentejo.com\\\/wp-content\\\/uploads\\\/Grupo-88.svg\",\"contentUrl\":\"https:\\\/\\\/psaalentejo.com\\\/wp-content\\\/uploads\\\/Grupo-88.svg\"},{\"@type\":\"BreadcrumbList\",\"@id\":\"https:\\\/\\\/psaalentejo.com\\\/pt-pt\\\/#breadcrumb\",\"itemListElement\":[{\"@type\":\"ListItem\",\"position\":1,\"name\":\"In\u00edcio\",\"item\":\"https:\\\/\\\/psaalentejo.com\\\/pt-pt\\\/\"},{\"@type\":\"ListItem\",\"position\":2,\"name\":\"Azeite do Alentejo\"}]},{\"@type\":\"WebSite\",\"@id\":\"https:\\\/\\\/psaalentejo.com\\\/pt-pt\\\/#website\",\"url\":\"https:\\\/\\\/psaalentejo.com\\\/pt-pt\\\/\",\"name\":\"PSAA\",\"description\":\"Programa de Sustentabilidade do Azeite do Alentejo\",\"publisher\":{\"@id\":\"https:\\\/\\\/psaalentejo.com\\\/pt-pt\\\/#organization\"},\"potentialAction\":[{\"@type\":\"SearchAction\",\"target\":{\"@type\":\"EntryPoint\",\"urlTemplate\":\"https:\\\/\\\/psaalentejo.com\\\/pt-pt\\\/?s={search_term_string}\"},\"query-input\":{\"@type\":\"PropertyValueSpecification\",\"valueRequired\":true,\"valueName\":\"search_term_string\"}}],\"inLanguage\":\"pt-PT\"},{\"@type\":\"Organization\",\"@id\":\"https:\\\/\\\/psaalentejo.com\\\/pt-pt\\\/#organization\",\"name\":\"Programa de Sustentabilidade do Azeite do Alentejo\",\"url\":\"https:\\\/\\\/psaalentejo.com\\\/pt-pt\\\/\",\"logo\":{\"@type\":\"ImageObject\",\"inLanguage\":\"pt-PT\",\"@id\":\"https:\\\/\\\/psaalentejo.com\\\/pt-pt\\\/#\\\/schema\\\/logo\\\/image\\\/\",\"url\":\"https:\\\/\\\/psaalentejo.com\\\/wp-content\\\/uploads\\\/Grupo-20.svg\",\"contentUrl\":\"https:\\\/\\\/psaalentejo.com\\\/wp-content\\\/uploads\\\/Grupo-20.svg\",\"width\":166,\"height\":51,\"caption\":\"Programa de Sustentabilidade do Azeite do Alentejo\"},\"image\":{\"@id\":\"https:\\\/\\\/psaalentejo.com\\\/pt-pt\\\/#\\\/schema\\\/logo\\\/image\\\/\"},\"sameAs\":[\"https:\\\/\\\/www.facebook.com\\\/PSAAlentejo\",\"https:\\\/\\\/www.instagram.com\\\/psaa_azeitedoalentejo\\\/\",\"https:\\\/\\\/www.linkedin.com\\\/company\\\/programa-de-sustentabilidade-azeite-do-alentejo\\\/\"]}]}<\/script>\r\n<!-- \/ Yoast SEO plugin. -->","yoast_head_json":{"title":"Azeite do Alentejo - PSAA","description":"O Programa de Sustentabilidade do Azeite do Alentejo reconhece e refor\u00e7a o desempenho sustent\u00e1vel de toda a cadeia de valor do azeite.","robots":{"index":"index","follow":"follow","max-snippet":"max-snippet:-1","max-image-preview":"max-image-preview:large","max-video-preview":"max-video-preview:-1"},"canonical":"https:\/\/psaalentejo.com\/pt-pt\/","og_locale":"pt_PT","og_type":"article","og_title":"Azeite do Alentejo - PSAA","og_description":"O Programa de Sustentabilidade do Azeite do Alentejo reconhece e refor\u00e7a o desempenho sustent\u00e1vel de toda a cadeia de valor do azeite.","og_url":"https:\/\/psaalentejo.com\/pt-pt\/","og_site_name":"PSAA","article_publisher":"https:\/\/www.facebook.com\/PSAAlentejo","article_modified_time":"2022-12-15T19:12:03+00:00","og_image":[{"url":"https:\/\/psaalentejo.com\/wp-content\/uploads\/Grupo-88.svg","type":"","width":"","height":""}],"twitter_card":"summary_large_image","twitter_misc":{"Tempo estimado de leitura":"2 minutos"},"schema":{"@context":"https:\/\/schema.org","@graph":[{"@type":"WebPage","@id":"https:\/\/psaalentejo.com\/pt-pt\/","url":"https:\/\/psaalentejo.com\/pt-pt\/","name":"Azeite do Alentejo - PSAA","isPartOf":{"@id":"https:\/\/psaalentejo.com\/pt-pt\/#website"},"primaryImageOfPage":{"@id":"https:\/\/psaalentejo.com\/pt-pt\/#primaryimage"},"image":{"@id":"https:\/\/psaalentejo.com\/pt-pt\/#primaryimage"},"thumbnailUrl":"https:\/\/psaalentejo.com\/wp-content\/uploads\/Grupo-88.svg","datePublished":"2022-09-13T10:15:13+00:00","dateModified":"2022-12-15T19:12:03+00:00","description":"O Programa de Sustentabilidade do Azeite do Alentejo reconhece e refor\u00e7a o desempenho sustent\u00e1vel de toda a cadeia de valor do azeite.","breadcrumb":{"@id":"https:\/\/psaalentejo.com\/pt-pt\/#breadcrumb"},"inLanguage":"pt-PT","potentialAction":[{"@type":"ReadAction","target":["https:\/\/psaalentejo.com\/pt-pt\/"]}]},{"@type":"ImageObject","inLanguage":"pt-PT","@id":"https:\/\/psaalentejo.com\/pt-pt\/#primaryimage","url":"https:\/\/psaalentejo.com\/wp-content\/uploads\/Grupo-88.svg","contentUrl":"https:\/\/psaalentejo.com\/wp-content\/uploads\/Grupo-88.svg"},{"@type":"BreadcrumbList","@id":"https:\/\/psaalentejo.com\/pt-pt\/#breadcrumb","itemListElement":[{"@type":"ListItem","position":1,"name":"In\u00edcio","item":"https:\/\/psaalentejo.com\/pt-pt\/"},{"@type":"ListItem","position":2,"name":"Azeite do Alentejo"}]},{"@type":"WebSite","@id":"https:\/\/psaalentejo.com\/pt-pt\/#website","url":"https:\/\/psaalentejo.com\/pt-pt\/","name":"PSAA","description":"Programa de Sustentabilidade do Azeite do Alentejo","publisher":{"@id":"https:\/\/psaalentejo.com\/pt-pt\/#organization"},"potentialAction":[{"@type":"SearchAction","target":{"@type":"EntryPoint","urlTemplate":"https:\/\/psaalentejo.com\/pt-pt\/?s={search_term_string}"},"query-input":{"@type":"PropertyValueSpecification","valueRequired":true,"valueName":"search_term_string"}}],"inLanguage":"pt-PT"},{"@type":"Organization","@id":"https:\/\/psaalentejo.com\/pt-pt\/#organization","name":"Programa de Sustentabilidade do Azeite do Alentejo","url":"https:\/\/psaalentejo.com\/pt-pt\/","logo":{"@type":"ImageObject","inLanguage":"pt-PT","@id":"https:\/\/psaalentejo.com\/pt-pt\/#\/schema\/logo\/image\/","url":"https:\/\/psaalentejo.com\/wp-content\/uploads\/Grupo-20.svg","contentUrl":"https:\/\/psaalentejo.com\/wp-content\/uploads\/Grupo-20.svg","width":166,"height":51,"caption":"Programa de Sustentabilidade do Azeite do Alentejo"},"image":{"@id":"https:\/\/psaalentejo.com\/pt-pt\/#\/schema\/logo\/image\/"},"sameAs":["https:\/\/www.facebook.com\/PSAAlentejo","https:\/\/www.instagram.com\/psaa_azeitedoalentejo\/","https:\/\/www.linkedin.com\/company\/programa-de-sustentabilidade-azeite-do-alentejo\/"]}]}},"taxonomy_info":[],"featured_image_src_large":false,"author_info":{"display_name":"brnsantos","author_link":"https:\/\/psaalentejo.com\/pt-pt\/author\/brnsantos\/"},"comment_info":0,"_links":{"self":[{"href":"https:\/\/psaalentejo.com\/pt-pt\/wp-json\/wp\/v2\/pages\/2","targetHints":{"allow":["GET"]}}],"collection":[{"href":"https:\/\/psaalentejo.com\/pt-pt\/wp-json\/wp\/v2\/pages"}],"about":[{"href":"https:\/\/psaalentejo.com\/pt-pt\/wp-json\/wp\/v2\/types\/page"}],"author":[{"embeddable":true,"href":"https:\/\/psaalentejo.com\/pt-pt\/wp-json\/wp\/v2\/users\/1"}],"replies":[{"embeddable":true,"href":"https:\/\/psaalentejo.com\/pt-pt\/wp-json\/wp\/v2\/comments?post=2"}],"version-history":[{"count":39,"href":"https:\/\/psaalentejo.com\/pt-pt\/wp-json\/wp\/v2\/pages\/2\/revisions"}],"predecessor-version":[{"id":672,"href":"https:\/\/psaalentejo.com\/pt-pt\/wp-json\/wp\/v2\/pages\/2\/revisions\/672"}],"wp:attachment":[{"href":"https:\/\/psaalentejo.com\/pt-pt\/wp-json\/wp\/v2\/media?parent=2"}],"curies":[{"name":"wp","href":"https:\/\/api.w.org\/{rel}","templated":true}]}}