{"id":12,"date":"2022-09-13T10:22:04","date_gmt":"2022-09-13T10:22:04","guid":{"rendered":"https:\/\/psaalentejo.com\/?page_id=12"},"modified":"2022-12-15T19:02:58","modified_gmt":"2022-12-15T19:02:58","slug":"programa-sustentabilidade-azeite-alentejo","status":"publish","type":"page","link":"https:\/\/psaalentejo.com\/pt-pt\/programa-sustentabilidade-azeite-alentejo\/","title":{"rendered":"Projeto"},"content":{"rendered":"\n<div style=\"height:100px\" aria-hidden=\"true\" class=\"wp-block-spacer\"><\/div>\n\n\n\n<h1 class=\"has-text-align-center wp-block-heading\">Sobre o Programa de Sustentabilidade do Azeite do Alentejo<\/h1>\n\n\n\n<div class=\"wp-block-columns is-layout-flex wp-container-core-columns-is-layout-9d6595d7 wp-block-columns-is-layout-flex\">\n<div class=\"wp-block-column is-layout-flow wp-block-column-is-layout-flow\">\n<p>O Programa de Sustentabilidade do Azeite do Alentejo, liderado pela OLIVUM, tendo a Universidade de \u00c9vora como parceiro, reconhece, refor\u00e7a e valoriza o desempenho ambiental, social, econ\u00f3mico e cultural, presente em toda a cadeia de valor do azeite, desde a produ\u00e7\u00e3o da azeitona at\u00e9 ao azeite embalado, garantindo a sua sustentabilidade junto do consumidor final.<\/p>\n\n\n\n<p>Nos \u00faltimos anos o Alentejo afirmou-se como a maior regi\u00e3o produtora de azeite a n\u00edvel nacional. Atualmente representa 52,8% do total da \u00e1rea de olival em Portugal. Esta mudan\u00e7a surge com a incorpora\u00e7\u00e3o de novas \u00e1reas de regadio, sobretudo no Alqueva, e com a moderniza\u00e7\u00e3o de olivais tradicionais.<\/p>\n\n\n\n<p><strong>Em 2021, Portugal contava com 380&nbsp;mil hectares de olival, com o Alentejo a liderar com 201&nbsp;mil hectares, o que representa uma evolu\u00e7\u00e3o de 43% desde 1997.<\/strong><\/p>\n\n\n\n<p>A instala\u00e7\u00e3o de olivais modernos, regados e mais eficientes, aumentou a produtividade mais de 6 vezes nos \u00faltimos 18 anos. \u00c0 semelhan\u00e7a do olival, os lagares tamb\u00e9m se modernizaram, permitindo que a produ\u00e7\u00e3o de azeite se tornasse mais eficiente, com melhor desempenho ambiental e melhor qualidade, permitindo que 95% do azeite produzido na regi\u00e3o seja classificado com virgem ou virgem extra.<\/p>\n\n\n\n<p>Esta altera\u00e7\u00e3o de tipologia de olival e de lagar permitiu afirmar o Alentejo como maior regi\u00e3o produtora de azeitona e azeite a n\u00edvel nacional. Crescimento esse, que n\u00e3o se prev\u00ea ficar por aqui, visto que muitos dos olivais recentemente instalados ainda n\u00e3o atingiram a plena produ\u00e7\u00e3o.<\/p>\n\n\n\n<p><strong>Em 1997 o Alentejo produziu 99 mil toneladas de azeite, e em 2021 1&nbsp;milh\u00e3o de toneladas, o que representa um crescimento de 91%.<\/strong><\/p>\n\n\n\n<p><\/p>\n<\/div>\n\n\n\n<div class=\"wp-block-column is-layout-flow wp-block-column-is-layout-flow\">\n<p><strong>A revolu\u00e7\u00e3o do setor oliv\u00edcola no Alentejo, permitiu que em 2022 Portugal se tornasse o 6\u00ba maior produtor de azeite no mundo, e 3\u00ba maior exportador da Uni\u00e3o Europeia, com a regi\u00e3o a produzir 85% do azeite nacional.<\/strong><\/p>\n\n\n\n<p>Esta melhoria de efici\u00eancia e aumento da produ\u00e7\u00e3o fez com que o papel da azeitona e do azeite se expandisse por diferentes esferas, assumindo um papel de relevo no ambiente, na sociedade, na economia e na cultura da regi\u00e3o do Alentejo e de Portugal.<\/p>\n\n\n\n<p>\u00c9 desta forma que surge o Programa de Sustentabilidade do Azeite do Alentejo (PSAA), com o objetivo de reconhecer as pr\u00e1ticas sustent\u00e1veis, nas suas componentes ambientais, econ\u00f3micas e sociais, da sua produ\u00e7\u00e3o, e refor\u00e7ar e valorizar a marca azeite do Alentejo e a regi\u00e3o.<\/p>\n\n\n\n<p><strong>O Programa de Sustentabilidade do Azeite do Alentejo (PSAA), \u00e9 um projeto liderado pela OLIVUM em parceria com a Universidade de \u00c9vora, que visa colaborar de forma articulada com o maior n\u00famero poss\u00edvel de produtores de azeite do Alentejo \u2013 numa abordagem de m\u00fatuo benef\u00edcio baseada na partilha de informa\u00e7\u00e3o \u2013 identificando e sistematizando um conjunto de pr\u00e1ticas que promovam a sustentabilidade.<\/strong><\/p>\n\n\n\n<p><strong>Este exerc\u00edcio traduzir-se-\u00e1 no desenvolvimento de um referencial de sustentabilidade, que permita avaliar e classificar de forma criteriosa a produ\u00e7\u00e3o, para que esta possa ser certificada, aumentando o reconhecimento da qualidade e do valor do azeite produzido no Alentejo.<\/strong><\/p>\n\n\n\n<p>O desenvolvimento de um programa comum para a regi\u00e3o parte da convic\u00e7\u00e3o de que uma estrat\u00e9gia coletiva resulta em ganhos de efici\u00eancia e maximiza resultados. O Programa de Sustentabilidade do Azeite do Alentejo (PSAA) ir\u00e1 assim, sempre na \u00f3tica da coopera\u00e7\u00e3o, criar valor na produ\u00e7\u00e3o e no produto, tornando-os mais competitivos, sustent\u00e1veis e uma refer\u00eancia internacional.<\/p>\n<\/div>\n<\/div>\n\n\n\n<p><\/p>\n\n\n\n<p><\/p>\n\n\n\n<div class=\"wp-block-group alignwide has-over-dark-green-text-background-color has-background\"><div class=\"wp-block-group__inner-container is-layout-flow wp-block-group-is-layout-flow\">\n<div style=\"height:50px\" aria-hidden=\"true\" class=\"wp-block-spacer\"><\/div>\n\n\n\n<div class=\"wp-block-group\"><div class=\"wp-block-group__inner-container is-layout-flow wp-block-group-is-layout-flow\"><div class=\"wp-block-image\">\n<figure class=\"aligncenter size-large\"><img loading=\"lazy\" decoding=\"async\" width=\"54\" height=\"54\" src=\"https:\/\/psaalentejo.com\/wp-content\/uploads\/Grupo-248.svg\" alt=\"Programa de Sustentabilidade do Azeite do Alentejo\" class=\"wp-image-37\"\/><\/figure>\n<\/div>\n\n\n<h3 class=\"has-text-align-center has-large-font-size wp-block-heading\">Miss\u00e3o<\/h3>\n\n\n\n<p class=\"has-text-align-center\">Refor\u00e7ar a imagem e o valor do azeite produzido na regi\u00e3o do Alentejo, dando a conhecer de forma cred\u00edvel e transparente a sua produ\u00e7\u00e3o sustent\u00e1vel e os contributos ambientais, econ\u00f3micos, sociais e culturais que presta \u00e0 regi\u00e3o e ao pa\u00eds.<\/p>\n<\/div><\/div>\n\n\n\n<div class=\"wp-block-group\"><div class=\"wp-block-group__inner-container is-layout-flow wp-block-group-is-layout-flow\"><div class=\"wp-block-image\">\n<figure class=\"aligncenter size-large\"><img loading=\"lazy\" decoding=\"async\" width=\"56\" height=\"56\" src=\"https:\/\/psaalentejo.com\/wp-content\/uploads\/Grupo-249.svg\" alt=\"Programa de Sustentabilidade do Azeite do Alentejo\" class=\"wp-image-38\"\/><\/figure>\n<\/div>\n\n\n<h3 class=\"has-text-align-center has-large-font-size wp-block-heading\">Vis\u00e3o<\/h3>\n\n\n\n<p class=\"has-text-align-center\">Afirmar o azeite produzido na regi\u00e3o do Alentejo, enquanto produto competitivo, sustent\u00e1vel, de alta qualidade, com valor acrescentado e uma refer\u00eancia a n\u00edvel internacional.<\/p>\n<\/div><\/div>\n\n\n\n<div class=\"wp-block-group\"><div class=\"wp-block-group__inner-container is-layout-flow wp-block-group-is-layout-flow\"><div class=\"wp-block-image\">\n<figure class=\"aligncenter size-large\"><img loading=\"lazy\" decoding=\"async\" width=\"56\" height=\"57\" src=\"https:\/\/psaalentejo.com\/wp-content\/uploads\/Grupo-244.svg\" alt=\"Programa de Sustentabilidade do Azeite do Alentejo\" class=\"wp-image-36\"\/><\/figure>\n<\/div>\n\n\n<h3 class=\"has-text-align-center has-large-font-size wp-block-heading\">Valores<\/h3>\n\n\n\n<p class=\"has-text-align-center\">Coopera\u00e7\u00e3o | Transpar\u00eancia | Credibilidade | Efici\u00eancia<\/p>\n<\/div><\/div>\n\n\n\n<div style=\"height:50px\" aria-hidden=\"true\" class=\"wp-block-spacer\"><\/div>\n<\/div><\/div>\n\n\n\n<h3 class=\"has-text-align-center wp-block-heading\">Parceiros<\/h3>\n\n\n\n<div class=\"wp-block-columns is-layout-flex wp-container-core-columns-is-layout-9d6595d7 wp-block-columns-is-layout-flex\">\n<div class=\"wp-block-column is-layout-flow wp-block-column-is-layout-flow\"><div class=\"wp-block-image\">\n<figure class=\"aligncenter size-full is-resized\"><a href=\"https:\/\/www.olivumsul.com\/\" target=\"_blank\" rel=\"noreferrer noopener\"><img loading=\"lazy\" decoding=\"async\" src=\"https:\/\/psaalentejo.com\/wp-content\/uploads\/Logo-Olivum.png\" alt=\"\" class=\"wp-image-39\" width=\"129\" height=\"80\"\/><\/a><\/figure>\n<\/div>\n\n\n<div style=\"height:15px\" aria-hidden=\"true\" class=\"wp-block-spacer\"><\/div>\n\n\n\n<p>A OLIVUM, Associa\u00e7\u00e3o de Olivicultores e Lagares de Portugal, fundada no final do ano de 2013 surge da crescente necessidade de representar, defender e refor\u00e7ar os interesses de um setor que se transformou, modernizou e evoluiu &#8211; o setor oliv\u00edcola de Portugal.<\/p>\n\n\n\n<p>A OLIVUM, entidade l\u00edder do Programa de Sustentabilidade do Azeite do Alentejo, visa, no decorrer e ap\u00f3s o t\u00e9rmino do projeto, apoiar os olivicultores e produtores de azeite, da regi\u00e3o do Alentejo, na melhoria do desempenho ambiental, social e econ\u00f3mico da sua atividade, garantindo o seu devido reconhecimento e promovendo o seu valor. Entre em contacto com a entidade l\u00edder, <a href=\"https:\/\/psaalentejo.com\/pt-pt\/contactos\/\">aqui<\/a>.<\/p>\n<\/div>\n\n\n\n<div class=\"wp-block-column is-layout-flow wp-block-column-is-layout-flow\"><div class=\"wp-block-image\">\n<figure class=\"aligncenter size-full\"><a href=\"https:\/\/www.uevora.pt\/\" target=\"_blank\" rel=\"noreferrer noopener\"><img loading=\"lazy\" decoding=\"async\" width=\"139\" height=\"58\" src=\"https:\/\/psaalentejo.com\/wp-content\/uploads\/logotipo-da-universidade-de-evora.png\" alt=\"\" class=\"wp-image-241\"\/><\/a><\/figure>\n<\/div>\n\n\n<div style=\"height:15px\" aria-hidden=\"true\" class=\"wp-block-spacer\"><\/div>\n\n\n\n<p>A Universidade de \u00c9vora, entidade parceira do Programa de Sustentabilidade do Azeite do Alentejo, tem compet\u00eancias e conhecimento nas \u00e1reas de investiga\u00e7\u00e3o, entre outras, de Agronomia e Biodiversidade, Geof\u00edsica, Ambiente e Paisagem, e Economia e Gest\u00e3o.<\/p>\n\n\n\n<p>A Universidade de \u00c9vora tem assim como objetivo auxiliar a entidade promotora (OLIVUM) com o seu contributo t\u00e9cnico e transferindo conhecimento existente e, em caso de necessidade, produzindo conhecimento de base.<\/p>\n<\/div>\n<\/div>\n\n\n\n<div style=\"height:50px\" aria-hidden=\"true\" class=\"wp-block-spacer\"><\/div>\n","protected":false},"excerpt":{"rendered":"<p>Sobre o Programa de Sustentabilidade do Azeite do Alentejo O Programa de Sustentabilidade do Azeite do Alentejo, liderado pela OLIVUM, tendo a Universidade de \u00c9vora [&hellip;]<\/p>\n","protected":false},"author":1,"featured_media":43,"parent":0,"menu_order":0,"comment_status":"closed","ping_status":"closed","template":"template-img-heading.php","meta":{"inline_featured_image":false,"_kad_blocks_custom_css":"","_kad_blocks_head_custom_js":"","_kad_blocks_body_custom_js":"","_kad_blocks_footer_custom_js":"","footnotes":""},"class_list":["post-12","page","type-page","status-publish","has-post-thumbnail","hentry"],"acf":[],"yoast_head":"<!-- This site is optimized with the Yoast SEO plugin v27.3 - https:\/\/yoast.com\/product\/yoast-seo-wordpress\/ -->\r\n<title>Projeto - PSAA<\/title>\r\n<meta name=\"description\" content=\"O Programa de Sustentabilidade do Azeite do Alentejo \u00e9 um projeto liderado pela OLIVUM, tendo a Universidade de \u00c9vora como parceiro.\" \/>\r\n<meta name=\"robots\" content=\"index, follow, max-snippet:-1, max-image-preview:large, max-video-preview:-1\" \/>\r\n<link rel=\"canonical\" href=\"https:\/\/psaalentejo.com\/pt-pt\/programa-sustentabilidade-azeite-alentejo\/\" \/>\r\n<meta property=\"og:locale\" content=\"pt_PT\" \/>\r\n<meta property=\"og:type\" content=\"article\" \/>\r\n<meta property=\"og:title\" content=\"Projeto - PSAA\" \/>\r\n<meta property=\"og:description\" content=\"O Programa de Sustentabilidade do Azeite do Alentejo \u00e9 um projeto liderado pela OLIVUM, tendo a Universidade de \u00c9vora como parceiro.\" \/>\r\n<meta property=\"og:url\" content=\"https:\/\/psaalentejo.com\/pt-pt\/programa-sustentabilidade-azeite-alentejo\/\" \/>\r\n<meta property=\"og:site_name\" content=\"PSAA\" \/>\r\n<meta property=\"article:publisher\" content=\"https:\/\/www.facebook.com\/PSAAlentejo\" \/>\r\n<meta property=\"article:modified_time\" content=\"2022-12-15T19:02:58+00:00\" \/>\r\n<meta property=\"og:image\" content=\"https:\/\/psaalentejo.com\/wp-content\/uploads\/520946839-1024x678.jpg\" \/>\r\n\t<meta property=\"og:image:width\" content=\"1024\" \/>\r\n\t<meta property=\"og:image:height\" content=\"678\" \/>\r\n\t<meta property=\"og:image:type\" content=\"image\/jpeg\" \/>\r\n<meta name=\"twitter:card\" content=\"summary_large_image\" \/>\r\n<meta name=\"twitter:label1\" content=\"Tempo estimado de leitura\" \/>\n\t<meta name=\"twitter:data1\" content=\"6 minutos\" \/>\r\n<script type=\"application\/ld+json\" class=\"yoast-schema-graph\">{\"@context\":\"https:\\\/\\\/schema.org\",\"@graph\":[{\"@type\":\"WebPage\",\"@id\":\"https:\\\/\\\/psaalentejo.com\\\/pt-pt\\\/programa-sustentabilidade-azeite-alentejo\\\/\",\"url\":\"https:\\\/\\\/psaalentejo.com\\\/pt-pt\\\/programa-sustentabilidade-azeite-alentejo\\\/\",\"name\":\"Projeto - PSAA\",\"isPartOf\":{\"@id\":\"https:\\\/\\\/psaalentejo.com\\\/pt-pt\\\/#website\"},\"primaryImageOfPage\":{\"@id\":\"https:\\\/\\\/psaalentejo.com\\\/pt-pt\\\/programa-sustentabilidade-azeite-alentejo\\\/#primaryimage\"},\"image\":{\"@id\":\"https:\\\/\\\/psaalentejo.com\\\/pt-pt\\\/programa-sustentabilidade-azeite-alentejo\\\/#primaryimage\"},\"thumbnailUrl\":\"https:\\\/\\\/psaalentejo.com\\\/wp-content\\\/uploads\\\/520946839.jpg\",\"datePublished\":\"2022-09-13T10:22:04+00:00\",\"dateModified\":\"2022-12-15T19:02:58+00:00\",\"description\":\"O Programa de Sustentabilidade do Azeite do Alentejo \u00e9 um projeto liderado pela OLIVUM, tendo a Universidade de \u00c9vora como parceiro.\",\"breadcrumb\":{\"@id\":\"https:\\\/\\\/psaalentejo.com\\\/pt-pt\\\/programa-sustentabilidade-azeite-alentejo\\\/#breadcrumb\"},\"inLanguage\":\"pt-PT\",\"potentialAction\":[{\"@type\":\"ReadAction\",\"target\":[\"https:\\\/\\\/psaalentejo.com\\\/pt-pt\\\/programa-sustentabilidade-azeite-alentejo\\\/\"]}]},{\"@type\":\"ImageObject\",\"inLanguage\":\"pt-PT\",\"@id\":\"https:\\\/\\\/psaalentejo.com\\\/pt-pt\\\/programa-sustentabilidade-azeite-alentejo\\\/#primaryimage\",\"url\":\"https:\\\/\\\/psaalentejo.com\\\/wp-content\\\/uploads\\\/520946839.jpg\",\"contentUrl\":\"https:\\\/\\\/psaalentejo.com\\\/wp-content\\\/uploads\\\/520946839.jpg\",\"width\":2000,\"height\":1325,\"caption\":\"Harvested fresh olives in sacks in a field in Crete, Greece for olive oil production.\"},{\"@type\":\"BreadcrumbList\",\"@id\":\"https:\\\/\\\/psaalentejo.com\\\/pt-pt\\\/programa-sustentabilidade-azeite-alentejo\\\/#breadcrumb\",\"itemListElement\":[{\"@type\":\"ListItem\",\"position\":1,\"name\":\"In\u00edcio\",\"item\":\"https:\\\/\\\/psaalentejo.com\\\/pt-pt\\\/\"},{\"@type\":\"ListItem\",\"position\":2,\"name\":\"Projeto\"}]},{\"@type\":\"WebSite\",\"@id\":\"https:\\\/\\\/psaalentejo.com\\\/pt-pt\\\/#website\",\"url\":\"https:\\\/\\\/psaalentejo.com\\\/pt-pt\\\/\",\"name\":\"PSAA\",\"description\":\"Programa de Sustentabilidade do Azeite do Alentejo\",\"publisher\":{\"@id\":\"https:\\\/\\\/psaalentejo.com\\\/pt-pt\\\/#organization\"},\"potentialAction\":[{\"@type\":\"SearchAction\",\"target\":{\"@type\":\"EntryPoint\",\"urlTemplate\":\"https:\\\/\\\/psaalentejo.com\\\/pt-pt\\\/?s={search_term_string}\"},\"query-input\":{\"@type\":\"PropertyValueSpecification\",\"valueRequired\":true,\"valueName\":\"search_term_string\"}}],\"inLanguage\":\"pt-PT\"},{\"@type\":\"Organization\",\"@id\":\"https:\\\/\\\/psaalentejo.com\\\/pt-pt\\\/#organization\",\"name\":\"Programa de Sustentabilidade do Azeite do Alentejo\",\"url\":\"https:\\\/\\\/psaalentejo.com\\\/pt-pt\\\/\",\"logo\":{\"@type\":\"ImageObject\",\"inLanguage\":\"pt-PT\",\"@id\":\"https:\\\/\\\/psaalentejo.com\\\/pt-pt\\\/#\\\/schema\\\/logo\\\/image\\\/\",\"url\":\"https:\\\/\\\/psaalentejo.com\\\/wp-content\\\/uploads\\\/Grupo-20.svg\",\"contentUrl\":\"https:\\\/\\\/psaalentejo.com\\\/wp-content\\\/uploads\\\/Grupo-20.svg\",\"width\":166,\"height\":51,\"caption\":\"Programa de Sustentabilidade do Azeite do Alentejo\"},\"image\":{\"@id\":\"https:\\\/\\\/psaalentejo.com\\\/pt-pt\\\/#\\\/schema\\\/logo\\\/image\\\/\"},\"sameAs\":[\"https:\\\/\\\/www.facebook.com\\\/PSAAlentejo\",\"https:\\\/\\\/www.instagram.com\\\/psaa_azeitedoalentejo\\\/\",\"https:\\\/\\\/www.linkedin.com\\\/company\\\/programa-de-sustentabilidade-azeite-do-alentejo\\\/\"]}]}<\/script>\r\n<!-- \/ Yoast SEO plugin. -->","yoast_head_json":{"title":"Projeto - PSAA","description":"O Programa de Sustentabilidade do Azeite do Alentejo \u00e9 um projeto liderado pela OLIVUM, tendo a Universidade de \u00c9vora como parceiro.","robots":{"index":"index","follow":"follow","max-snippet":"max-snippet:-1","max-image-preview":"max-image-preview:large","max-video-preview":"max-video-preview:-1"},"canonical":"https:\/\/psaalentejo.com\/pt-pt\/programa-sustentabilidade-azeite-alentejo\/","og_locale":"pt_PT","og_type":"article","og_title":"Projeto - PSAA","og_description":"O Programa de Sustentabilidade do Azeite do Alentejo \u00e9 um projeto liderado pela OLIVUM, tendo a Universidade de \u00c9vora como parceiro.","og_url":"https:\/\/psaalentejo.com\/pt-pt\/programa-sustentabilidade-azeite-alentejo\/","og_site_name":"PSAA","article_publisher":"https:\/\/www.facebook.com\/PSAAlentejo","article_modified_time":"2022-12-15T19:02:58+00:00","og_image":[{"width":1024,"height":678,"url":"https:\/\/psaalentejo.com\/wp-content\/uploads\/520946839-1024x678.jpg","type":"image\/jpeg"}],"twitter_card":"summary_large_image","twitter_misc":{"Tempo estimado de leitura":"6 minutos"},"schema":{"@context":"https:\/\/schema.org","@graph":[{"@type":"WebPage","@id":"https:\/\/psaalentejo.com\/pt-pt\/programa-sustentabilidade-azeite-alentejo\/","url":"https:\/\/psaalentejo.com\/pt-pt\/programa-sustentabilidade-azeite-alentejo\/","name":"Projeto - PSAA","isPartOf":{"@id":"https:\/\/psaalentejo.com\/pt-pt\/#website"},"primaryImageOfPage":{"@id":"https:\/\/psaalentejo.com\/pt-pt\/programa-sustentabilidade-azeite-alentejo\/#primaryimage"},"image":{"@id":"https:\/\/psaalentejo.com\/pt-pt\/programa-sustentabilidade-azeite-alentejo\/#primaryimage"},"thumbnailUrl":"https:\/\/psaalentejo.com\/wp-content\/uploads\/520946839.jpg","datePublished":"2022-09-13T10:22:04+00:00","dateModified":"2022-12-15T19:02:58+00:00","description":"O Programa de Sustentabilidade do Azeite do Alentejo \u00e9 um projeto liderado pela OLIVUM, tendo a Universidade de \u00c9vora como parceiro.","breadcrumb":{"@id":"https:\/\/psaalentejo.com\/pt-pt\/programa-sustentabilidade-azeite-alentejo\/#breadcrumb"},"inLanguage":"pt-PT","potentialAction":[{"@type":"ReadAction","target":["https:\/\/psaalentejo.com\/pt-pt\/programa-sustentabilidade-azeite-alentejo\/"]}]},{"@type":"ImageObject","inLanguage":"pt-PT","@id":"https:\/\/psaalentejo.com\/pt-pt\/programa-sustentabilidade-azeite-alentejo\/#primaryimage","url":"https:\/\/psaalentejo.com\/wp-content\/uploads\/520946839.jpg","contentUrl":"https:\/\/psaalentejo.com\/wp-content\/uploads\/520946839.jpg","width":2000,"height":1325,"caption":"Harvested fresh olives in sacks in a field in Crete, Greece for olive oil production."},{"@type":"BreadcrumbList","@id":"https:\/\/psaalentejo.com\/pt-pt\/programa-sustentabilidade-azeite-alentejo\/#breadcrumb","itemListElement":[{"@type":"ListItem","position":1,"name":"In\u00edcio","item":"https:\/\/psaalentejo.com\/pt-pt\/"},{"@type":"ListItem","position":2,"name":"Projeto"}]},{"@type":"WebSite","@id":"https:\/\/psaalentejo.com\/pt-pt\/#website","url":"https:\/\/psaalentejo.com\/pt-pt\/","name":"PSAA","description":"Programa de Sustentabilidade do Azeite do Alentejo","publisher":{"@id":"https:\/\/psaalentejo.com\/pt-pt\/#organization"},"potentialAction":[{"@type":"SearchAction","target":{"@type":"EntryPoint","urlTemplate":"https:\/\/psaalentejo.com\/pt-pt\/?s={search_term_string}"},"query-input":{"@type":"PropertyValueSpecification","valueRequired":true,"valueName":"search_term_string"}}],"inLanguage":"pt-PT"},{"@type":"Organization","@id":"https:\/\/psaalentejo.com\/pt-pt\/#organization","name":"Programa de Sustentabilidade do Azeite do Alentejo","url":"https:\/\/psaalentejo.com\/pt-pt\/","logo":{"@type":"ImageObject","inLanguage":"pt-PT","@id":"https:\/\/psaalentejo.com\/pt-pt\/#\/schema\/logo\/image\/","url":"https:\/\/psaalentejo.com\/wp-content\/uploads\/Grupo-20.svg","contentUrl":"https:\/\/psaalentejo.com\/wp-content\/uploads\/Grupo-20.svg","width":166,"height":51,"caption":"Programa de Sustentabilidade do Azeite do Alentejo"},"image":{"@id":"https:\/\/psaalentejo.com\/pt-pt\/#\/schema\/logo\/image\/"},"sameAs":["https:\/\/www.facebook.com\/PSAAlentejo","https:\/\/www.instagram.com\/psaa_azeitedoalentejo\/","https:\/\/www.linkedin.com\/company\/programa-de-sustentabilidade-azeite-do-alentejo\/"]}]}},"taxonomy_info":[],"featured_image_src_large":["https:\/\/psaalentejo.com\/wp-content\/uploads\/520946839-1024x678.jpg",640,424,true],"author_info":{"display_name":"brnsantos","author_link":"https:\/\/psaalentejo.com\/pt-pt\/author\/brnsantos\/"},"comment_info":0,"_links":{"self":[{"href":"https:\/\/psaalentejo.com\/pt-pt\/wp-json\/wp\/v2\/pages\/12","targetHints":{"allow":["GET"]}}],"collection":[{"href":"https:\/\/psaalentejo.com\/pt-pt\/wp-json\/wp\/v2\/pages"}],"about":[{"href":"https:\/\/psaalentejo.com\/pt-pt\/wp-json\/wp\/v2\/types\/page"}],"author":[{"embeddable":true,"href":"https:\/\/psaalentejo.com\/pt-pt\/wp-json\/wp\/v2\/users\/1"}],"replies":[{"embeddable":true,"href":"https:\/\/psaalentejo.com\/pt-pt\/wp-json\/wp\/v2\/comments?post=12"}],"version-history":[{"count":29,"href":"https:\/\/psaalentejo.com\/pt-pt\/wp-json\/wp\/v2\/pages\/12\/revisions"}],"predecessor-version":[{"id":678,"href":"https:\/\/psaalentejo.com\/pt-pt\/wp-json\/wp\/v2\/pages\/12\/revisions\/678"}],"wp:featuredmedia":[{"embeddable":true,"href":"https:\/\/psaalentejo.com\/pt-pt\/wp-json\/wp\/v2\/media\/43"}],"wp:attachment":[{"href":"https:\/\/psaalentejo.com\/pt-pt\/wp-json\/wp\/v2\/media?parent=12"}],"curies":[{"name":"wp","href":"https:\/\/api.w.org\/{rel}","templated":true}]}}