{"id":554,"date":"2022-12-14T17:02:06","date_gmt":"2022-12-14T17:02:06","guid":{"rendered":"https:\/\/psaalentejo.com\/?page_id=554"},"modified":"2023-06-06T03:16:30","modified_gmt":"2023-06-06T03:16:30","slug":"health-2","status":"publish","type":"page","link":"https:\/\/psaalentejo.com\/en\/health-2\/","title":{"rendered":"Health"},"content":{"rendered":"\n<div style=\"height:100px\" aria-hidden=\"true\" class=\"wp-block-spacer\"><\/div>\n\n\n\n<h1 class=\"wp-block-heading has-text-align-center\">Learn about the health benefits of olive oil consumption<\/h1>\n\n\n\n<div class=\"wp-block-columns is-layout-flex wp-container-core-columns-is-layout-9d6595d7 wp-block-columns-is-layout-flex\">\n<div class=\"wp-block-column is-layout-flow wp-block-column-is-layout-flow\">\n<p>According to data from the International Olive Oil Council and Juan Vilar Consulting, 95% of the olive oil produced in Portugal is virgin or extra virgin, demonstrating the unique quality of the national olive production. This quality is not only reflected in the sensory attributes of the product, but also in its nutritional properties.<\/p>\n\n\n\n<p>The consumption of olive oil, particularly extra-virgin olive oil, as part of a Mediterranean diet &#8211; a diet characteristic of the territories bordering the Mediterranean Sea, where the olive tree is predominant &#8211; translates into numerous benefits for human health, as has been proven by scientific evidence.<\/p>\n\n\n\n<p>Scientific interest in the beneficial effects of the Mediterranean diet on health dates back to the 1950s, when researchers first linked the traditional diet of southern regions of Greece and Italy to high average life expectancy and low rates of chronic disease in the respective populations. This premise would be further explored in the following years, and its results confirmed the aforementioned relationship.<\/p>\n\n\n\n<p><\/p>\n<\/div>\n\n\n\n<div class=\"wp-block-column is-layout-flow wp-block-column-is-layout-flow\">\n<p>Thus, in the 1990s the traditional diet observed in the Mediterranean Basin countries was chosen as the most health-friendly, and was officially recognized by the World Health Organization in 1994.<\/p>\n\n\n\n<p>The Mediterranean diet is characterized by abundant consumption of fruits, fresh vegetables, cereals, and legumes, olive oil as the main source of fat, moderate consumption of animal products and dairy products, and moderate consumption of wine at mealtimes.<\/p>\n\n\n\n<p>Aiming to reinforce the benefits of a Mediterranean diet, with olive oil as the main source of fat, for health, longevity and quality of life, the Alentejo Olive Oil Sustainability Program has gathered scientific evidence produced between 2013 and 2019 that confirms this association.<\/p>\n\n\n\n<p>These studies show benefits in preventing cardiovascular, chronic, and oncological diseases, as well as in emotional well-being and maintaining good mental health. Get to know them!<\/p>\n\n\n\n<p style=\"font-size:10px\">Barros, V. (2014). <em>Dieta Mediterr\u00e2nica e Desenvolvimento Rural<\/em>.<\/p>\n<\/div>\n<\/div>\n\n\n\n<div class=\"wp-block-group alignwide has-over-dark-green-text-background-color has-background\"><div class=\"wp-block-group__inner-container is-layout-flow wp-block-group-is-layout-flow\">\n<div style=\"height:80px\" aria-hidden=\"true\" class=\"wp-block-spacer\"><\/div>\n\n\n\n<div class=\"wp-block-group\"><div class=\"wp-block-group__inner-container is-layout-flow wp-block-group-is-layout-flow\"><div class=\"wp-block-image is-style-default\">\n<figure class=\"aligncenter size-full is-resized\"><img loading=\"lazy\" decoding=\"async\" src=\"https:\/\/psaalentejo.com\/wp-content\/uploads\/Cardiologia.svg\" alt=\"\" class=\"wp-image-611\" width=\"113\" height=\"113\"\/><\/figure>\n<\/div>\n\n\n<h3 class=\"wp-block-heading has-text-align-center has-large-font-size\">Decreases the risk of heart attack<\/h3>\n\n\n\n<p class=\"has-text-align-center\">The Study  <em>Primary Prevention of Cardiovascular Disease with a Mediterranean Diet<\/em>carried out in the scope of the research  <em>PREDIMED<\/em>in 2013 concluded that the consumption of olive oil, particularly virgin or extra-virgin olive oil, reduces the risk of cardiovascular disease and the risk of death from heart attack, including in elderly populations, characterized as risk groups.<\/p>\n\n\n\n<p class=\"has-text-align-center\" style=\"font-size:10px\">Source: Estruch, R., Ros, E., Salas-Salvad\u00f3, J., Covas, M. I., Corella, D., Ar\u00f3s, F., G\u00f3mez-Gracia, E., Ruiz-Guti\u00e9rrez, V., Fiol, M., Lapetra, J., Lamuela-Raventos, R. M., Serra-Majem, L., Pint\u00f3, X., Basora, J., Mu\u00f1oz, M. A., Sorl\u00ed, J. V., Mart\u00ednez, J. A., Mart\u00ednez-Gonz\u00e1lez, M. A., &amp; PREDIMED Study Investigators (2013).<\/p>\n<\/div><\/div>\n\n\n\n<div style=\"height:50px\" aria-hidden=\"true\" class=\"wp-block-spacer\"><\/div>\n\n\n\n<div class=\"wp-block-group\"><div class=\"wp-block-group__inner-container is-layout-flow wp-block-group-is-layout-flow\"><div class=\"wp-block-image\">\n<figure class=\"aligncenter size-large is-resized\"><img loading=\"lazy\" decoding=\"async\" src=\"https:\/\/psaalentejo.com\/wp-content\/uploads\/Diabetes-1.svg\" alt=\"\" class=\"wp-image-617\" width=\"113\" height=\"113\"\/><\/figure>\n<\/div>\n\n\n<h3 class=\"wp-block-heading has-text-align-center has-large-font-size\">Reduces the risk of Type 2 Diabetes<\/h3>\n\n\n\n<p class=\"has-text-align-center\">According to the study <em>Olive Oil in the Prevention and Management of Type 2 Diabetes Mellitus: a Systematic Review and Meta-Analysis of Cohort Studies and Intervention Trials<\/em>, a diet rich in olive oil by healthy individuals reduces the risk of developing Type 2 Diabetes. The study also states, that in individuals already suffering from the disease, a diet rich in olive oil allows a greater capacity for glycemic control.<\/p>\n\n\n\n<p class=\"has-text-align-center\" style=\"font-size:10px\">Source: Schwingshackl, L., Lampousi, A. M., Portillo, M. P., Romaguera, D., Hoffmann, G., &amp; Boeing, H. (2017).<\/p>\n<\/div><\/div>\n\n\n\n<div style=\"height:50px\" aria-hidden=\"true\" class=\"wp-block-spacer\"><\/div>\n\n\n\n<div class=\"wp-block-group\"><div class=\"wp-block-group__inner-container is-layout-flow wp-block-group-is-layout-flow\"><div class=\"wp-block-image\">\n<figure class=\"aligncenter size-full is-resized\"><img loading=\"lazy\" decoding=\"async\" src=\"https:\/\/psaalentejo.com\/wp-content\/uploads\/Colesterol.svg\" alt=\"\" class=\"wp-image-613\" width=\"113\" height=\"113\"\/><\/figure>\n<\/div>\n\n\n<h3 class=\"wp-block-heading has-text-align-center has-large-font-size\"><strong>Lowers bad cholesterol values<\/strong><\/h3>\n\n\n\n<p class=\"has-text-align-center\">According to the study  <em>Extra Virgin Olive Oil use is associated with Improved Post-Prandial Blood Glucose and LDL Cholesterol in Healthy Subjects<\/em>In a study conducted in July 2015 in a group of 25 healthy individuals, the consumption of olive oil, and the consequent decrease in the consumption of other saturated fats, contributes to a decrease in the values of bad cholesterol (LDL).<\/p>\n\n\n\n<p class=\"has-text-align-center\" style=\"font-size:10px\">Source: Violi, F., Loffredo, L., Pignatelli, P., Angelico, F., Bartimoccia, S., Nocella, C., Cangemi, R., Petruccioli, A., Monticolo, R., Pastori, D., &amp; Carnevale, R. (2015).<\/p>\n<\/div><\/div>\n\n\n\n<div style=\"height:50px\" aria-hidden=\"true\" class=\"wp-block-spacer\"><\/div>\n\n\n\n<div class=\"wp-block-group\"><div class=\"wp-block-group__inner-container is-layout-flow wp-block-group-is-layout-flow\"><div class=\"wp-block-image\">\n<figure class=\"aligncenter size-full is-resized\"><img loading=\"lazy\" decoding=\"async\" src=\"https:\/\/psaalentejo.com\/wp-content\/uploads\/Tensao-Arterial.svg\" alt=\"\" class=\"wp-image-614\" width=\"113\" height=\"113\"\/><\/figure>\n<\/div>\n\n\n<h3 class=\"wp-block-heading has-text-align-center has-large-font-size\"><strong><strong>Lowers blood pressure<\/strong><\/strong><\/h3>\n\n\n\n<p class=\"has-text-align-center\">According to the study  <em>A Mediterranean Diet Lowers Blood Pressure and improves Endothelial Function: Results from the MedLey Randomized Intervention Trial<\/em>, conducted by a group of researchers at the University of Western Australia in 2017, a group of men and women who changed their diet to a Mediterranean diet, rich in olive oil, for 6 months saw their systolic blood pressure reduced.<\/p>\n\n\n\n<p class=\"has-text-align-center\" style=\"font-size:10px\">Source: Davis, C. R., Hodgson, J. M., Woodman, R., Bryan, J., Wilson, C., &amp; Murphy, K. J. (2017).<\/p>\n<\/div><\/div>\n\n\n\n<div style=\"height:50px\" aria-hidden=\"true\" class=\"wp-block-spacer\"><\/div>\n\n\n\n<div class=\"wp-block-group\"><div class=\"wp-block-group__inner-container is-layout-flow wp-block-group-is-layout-flow\"><div class=\"wp-block-image\">\n<figure class=\"aligncenter size-full is-resized\"><img loading=\"lazy\" decoding=\"async\" src=\"https:\/\/psaalentejo.com\/wp-content\/uploads\/Depressao.svg\" alt=\"\" class=\"wp-image-615\" width=\"113\" height=\"113\"\/><\/figure>\n<\/div>\n\n\n<h3 class=\"wp-block-heading has-text-align-center has-large-font-size\"><strong><strong>May reduce the risk of depression<\/strong><\/strong><\/h3>\n\n\n\n<p class=\"has-text-align-center\">The <em>Nutritional Aspects of Depression in Adolescents &#8211; A Systematic Review<\/em> study, conducted in April 2019, shows that regular consumption of foods such as olive oil, fish, nuts, legumes, dairy products, fruits and vegetables is inversely associated with the risk of depression, and is also shown to improve some symptoms.<\/p>\n\n\n\n<p class=\"has-text-align-center\" style=\"font-size:10px\">Source: Khanna, P., Chattu, V. K., &amp; Aeri, B. T. (2019).<\/p>\n<\/div><\/div>\n\n\n\n<div style=\"height:50px\" aria-hidden=\"true\" class=\"wp-block-spacer\"><\/div>\n\n\n\n<div class=\"wp-block-group\"><div class=\"wp-block-group__inner-container is-layout-flow wp-block-group-is-layout-flow\"><div class=\"wp-block-image\">\n<figure class=\"aligncenter size-full is-resized\"><img loading=\"lazy\" decoding=\"async\" src=\"https:\/\/psaalentejo.com\/wp-content\/uploads\/Cancro.svg\" alt=\"\" class=\"wp-image-616\" width=\"113\" height=\"113\"\/><\/figure>\n<\/div>\n\n\n<h3 class=\"wp-block-heading has-text-align-center has-large-font-size\"><strong><strong><strong>Prevents the onset of certain types of cancer<\/strong><\/strong><\/strong><\/h3>\n\n\n\n<p class=\"has-text-align-center\">According to the<em> Olive Oil Effects on Colorectal Cancer<\/em> study conducted in December 2018, olive oil contains a variety of beneficial substances that may be useful for the prevention or the possible treatment of colorectal cancer. The evidence gathered as part of this study supports the chemotherapeutic potential of olive oil.<\/p>\n\n\n\n<p class=\"has-text-align-center\" style=\"font-size:10px\">Source: Borz\u00ec AM, Biondi A, Basile F, Luca S, Vicari ESD, Vacante M. (2018).<\/p>\n\n\n\n<div style=\"height:50px\" aria-hidden=\"true\" class=\"wp-block-spacer\"><\/div>\n\n\n\n<p class=\"has-text-align-center\" style=\"font-size:10px\">Other Sources: Barros, V. (2014).<br>International Olive Council. (2022)<br>CONSULAI &amp; Juan Vilar Consultor Estrat\u00e9gico. (2019).<em><br><\/em><br><\/p>\n\n\n\n<div style=\"height:50px\" aria-hidden=\"true\" class=\"wp-block-spacer\"><\/div>\n<\/div><\/div>\n<\/div><\/div>\n\n\n\n<div style=\"height:50px\" aria-hidden=\"true\" class=\"wp-block-spacer\"><\/div>\n","protected":false},"excerpt":{"rendered":"<p>Learn about the health benefits of olive oil consumption According to data from the International Olive Oil Council and Juan Vilar Consulting, 95% of the [&hellip;]<\/p>\n","protected":false},"author":2,"featured_media":79,"parent":0,"menu_order":0,"comment_status":"closed","ping_status":"closed","template":"template-img-heading.php","meta":{"inline_featured_image":false,"_kad_blocks_custom_css":"","_kad_blocks_head_custom_js":"","_kad_blocks_body_custom_js":"","_kad_blocks_footer_custom_js":"","footnotes":""},"class_list":["post-554","page","type-page","status-publish","has-post-thumbnail","hentry"],"acf":[],"yoast_head":"<!-- This site is optimized with the Yoast SEO plugin v27.3 - https:\/\/yoast.com\/product\/yoast-seo-wordpress\/ -->\r\n<title>Health - PSAA<\/title>\r\n<meta name=\"description\" content=\"The health benefits of olive oil consumption are proven by the Alentejo Olive Oil Sustainability Program\" \/>\r\n<meta name=\"robots\" content=\"index, follow, max-snippet:-1, max-image-preview:large, max-video-preview:-1\" \/>\r\n<link rel=\"canonical\" href=\"https:\/\/psaalentejo.com\/pt-pt\/beneficios-do-azeite-para-a-saude\/\" \/>\r\n<meta property=\"og:locale\" content=\"en_US\" \/>\r\n<meta property=\"og:type\" content=\"article\" \/>\r\n<meta property=\"og:title\" content=\"Health - PSAA\" \/>\r\n<meta property=\"og:description\" content=\"The health benefits of olive oil consumption are proven by the Alentejo Olive Oil Sustainability Program\" \/>\r\n<meta property=\"og:url\" content=\"https:\/\/psaalentejo.com\/pt-pt\/beneficios-do-azeite-para-a-saude\/\" \/>\r\n<meta property=\"og:site_name\" content=\"PSAA\" \/>\r\n<meta property=\"article:publisher\" content=\"https:\/\/www.facebook.com\/PSAAlentejo\" \/>\r\n<meta property=\"article:modified_time\" content=\"2023-06-06T03:16:30+00:00\" \/>\r\n<meta property=\"og:image\" content=\"https:\/\/psaalentejo.com\/wp-content\/uploads\/520946839-1024x678.jpg\" \/>\r\n\t<meta property=\"og:image:width\" content=\"1024\" \/>\r\n\t<meta property=\"og:image:height\" content=\"678\" \/>\r\n\t<meta property=\"og:image:type\" content=\"image\/jpeg\" \/>\r\n<meta name=\"twitter:card\" content=\"summary_large_image\" \/>\r\n<meta name=\"twitter:label1\" content=\"Est. reading time\" \/>\n\t<meta name=\"twitter:data1\" content=\"6 minutes\" \/>\r\n<script type=\"application\/ld+json\" class=\"yoast-schema-graph\">{\"@context\":\"https:\\\/\\\/schema.org\",\"@graph\":[{\"@type\":\"WebPage\",\"@id\":\"https:\\\/\\\/psaalentejo.com\\\/pt-pt\\\/beneficios-do-azeite-para-a-saude\\\/\",\"url\":\"https:\\\/\\\/psaalentejo.com\\\/pt-pt\\\/beneficios-do-azeite-para-a-saude\\\/\",\"name\":\"Health - PSAA\",\"isPartOf\":{\"@id\":\"https:\\\/\\\/psaalentejo.com\\\/pt-pt\\\/#website\"},\"primaryImageOfPage\":{\"@id\":\"https:\\\/\\\/psaalentejo.com\\\/pt-pt\\\/beneficios-do-azeite-para-a-saude\\\/#primaryimage\"},\"image\":{\"@id\":\"https:\\\/\\\/psaalentejo.com\\\/pt-pt\\\/beneficios-do-azeite-para-a-saude\\\/#primaryimage\"},\"thumbnailUrl\":\"https:\\\/\\\/psaalentejo.com\\\/wp-content\\\/uploads\\\/520946839.jpg\",\"datePublished\":\"2022-12-14T17:02:06+00:00\",\"dateModified\":\"2023-06-06T03:16:30+00:00\",\"description\":\"The health benefits of olive oil consumption are proven by the Alentejo Olive Oil Sustainability Program\",\"breadcrumb\":{\"@id\":\"https:\\\/\\\/psaalentejo.com\\\/pt-pt\\\/beneficios-do-azeite-para-a-saude\\\/#breadcrumb\"},\"inLanguage\":\"en-US\",\"potentialAction\":[{\"@type\":\"ReadAction\",\"target\":[\"https:\\\/\\\/psaalentejo.com\\\/pt-pt\\\/beneficios-do-azeite-para-a-saude\\\/\"]}]},{\"@type\":\"ImageObject\",\"inLanguage\":\"en-US\",\"@id\":\"https:\\\/\\\/psaalentejo.com\\\/pt-pt\\\/beneficios-do-azeite-para-a-saude\\\/#primaryimage\",\"url\":\"https:\\\/\\\/psaalentejo.com\\\/wp-content\\\/uploads\\\/520946839.jpg\",\"contentUrl\":\"https:\\\/\\\/psaalentejo.com\\\/wp-content\\\/uploads\\\/520946839.jpg\",\"width\":2000,\"height\":1325,\"caption\":\"Harvested fresh olives in sacks in a field in Crete, Greece for olive oil production.\"},{\"@type\":\"BreadcrumbList\",\"@id\":\"https:\\\/\\\/psaalentejo.com\\\/pt-pt\\\/beneficios-do-azeite-para-a-saude\\\/#breadcrumb\",\"itemListElement\":[{\"@type\":\"ListItem\",\"position\":1,\"name\":\"In\u00edcio\",\"item\":\"https:\\\/\\\/psaalentejo.com\\\/pt-pt\\\/\"},{\"@type\":\"ListItem\",\"position\":2,\"name\":\"Health\"}]},{\"@type\":\"WebSite\",\"@id\":\"https:\\\/\\\/psaalentejo.com\\\/pt-pt\\\/#website\",\"url\":\"https:\\\/\\\/psaalentejo.com\\\/pt-pt\\\/\",\"name\":\"PSAA\",\"description\":\"Programa de Sustentabilidade do Azeite do Alentejo\",\"publisher\":{\"@id\":\"https:\\\/\\\/psaalentejo.com\\\/pt-pt\\\/#organization\"},\"potentialAction\":[{\"@type\":\"SearchAction\",\"target\":{\"@type\":\"EntryPoint\",\"urlTemplate\":\"https:\\\/\\\/psaalentejo.com\\\/pt-pt\\\/?s={search_term_string}\"},\"query-input\":{\"@type\":\"PropertyValueSpecification\",\"valueRequired\":true,\"valueName\":\"search_term_string\"}}],\"inLanguage\":\"en-US\"},{\"@type\":\"Organization\",\"@id\":\"https:\\\/\\\/psaalentejo.com\\\/pt-pt\\\/#organization\",\"name\":\"Programa de Sustentabilidade do Azeite do Alentejo\",\"url\":\"https:\\\/\\\/psaalentejo.com\\\/pt-pt\\\/\",\"logo\":{\"@type\":\"ImageObject\",\"inLanguage\":\"en-US\",\"@id\":\"https:\\\/\\\/psaalentejo.com\\\/pt-pt\\\/#\\\/schema\\\/logo\\\/image\\\/\",\"url\":\"https:\\\/\\\/psaalentejo.com\\\/wp-content\\\/uploads\\\/Grupo-20.svg\",\"contentUrl\":\"https:\\\/\\\/psaalentejo.com\\\/wp-content\\\/uploads\\\/Grupo-20.svg\",\"width\":166,\"height\":51,\"caption\":\"Programa de Sustentabilidade do Azeite do Alentejo\"},\"image\":{\"@id\":\"https:\\\/\\\/psaalentejo.com\\\/pt-pt\\\/#\\\/schema\\\/logo\\\/image\\\/\"},\"sameAs\":[\"https:\\\/\\\/www.facebook.com\\\/PSAAlentejo\",\"https:\\\/\\\/www.instagram.com\\\/psaa_azeitedoalentejo\\\/\",\"https:\\\/\\\/www.linkedin.com\\\/company\\\/programa-de-sustentabilidade-azeite-do-alentejo\\\/\"]}]}<\/script>\r\n<!-- \/ Yoast SEO plugin. -->","yoast_head_json":{"title":"Health - PSAA","description":"The health benefits of olive oil consumption are proven by the Alentejo Olive Oil Sustainability Program","robots":{"index":"index","follow":"follow","max-snippet":"max-snippet:-1","max-image-preview":"max-image-preview:large","max-video-preview":"max-video-preview:-1"},"canonical":"https:\/\/psaalentejo.com\/pt-pt\/beneficios-do-azeite-para-a-saude\/","og_locale":"en_US","og_type":"article","og_title":"Health - PSAA","og_description":"The health benefits of olive oil consumption are proven by the Alentejo Olive Oil Sustainability Program","og_url":"https:\/\/psaalentejo.com\/pt-pt\/beneficios-do-azeite-para-a-saude\/","og_site_name":"PSAA","article_publisher":"https:\/\/www.facebook.com\/PSAAlentejo","article_modified_time":"2023-06-06T03:16:30+00:00","og_image":[{"width":1024,"height":678,"url":"https:\/\/psaalentejo.com\/wp-content\/uploads\/520946839-1024x678.jpg","type":"image\/jpeg"}],"twitter_card":"summary_large_image","twitter_misc":{"Est. reading time":"6 minutes"},"schema":{"@context":"https:\/\/schema.org","@graph":[{"@type":"WebPage","@id":"https:\/\/psaalentejo.com\/pt-pt\/beneficios-do-azeite-para-a-saude\/","url":"https:\/\/psaalentejo.com\/pt-pt\/beneficios-do-azeite-para-a-saude\/","name":"Health - PSAA","isPartOf":{"@id":"https:\/\/psaalentejo.com\/pt-pt\/#website"},"primaryImageOfPage":{"@id":"https:\/\/psaalentejo.com\/pt-pt\/beneficios-do-azeite-para-a-saude\/#primaryimage"},"image":{"@id":"https:\/\/psaalentejo.com\/pt-pt\/beneficios-do-azeite-para-a-saude\/#primaryimage"},"thumbnailUrl":"https:\/\/psaalentejo.com\/wp-content\/uploads\/520946839.jpg","datePublished":"2022-12-14T17:02:06+00:00","dateModified":"2023-06-06T03:16:30+00:00","description":"The health benefits of olive oil consumption are proven by the Alentejo Olive Oil Sustainability Program","breadcrumb":{"@id":"https:\/\/psaalentejo.com\/pt-pt\/beneficios-do-azeite-para-a-saude\/#breadcrumb"},"inLanguage":"en-US","potentialAction":[{"@type":"ReadAction","target":["https:\/\/psaalentejo.com\/pt-pt\/beneficios-do-azeite-para-a-saude\/"]}]},{"@type":"ImageObject","inLanguage":"en-US","@id":"https:\/\/psaalentejo.com\/pt-pt\/beneficios-do-azeite-para-a-saude\/#primaryimage","url":"https:\/\/psaalentejo.com\/wp-content\/uploads\/520946839.jpg","contentUrl":"https:\/\/psaalentejo.com\/wp-content\/uploads\/520946839.jpg","width":2000,"height":1325,"caption":"Harvested fresh olives in sacks in a field in Crete, Greece for olive oil production."},{"@type":"BreadcrumbList","@id":"https:\/\/psaalentejo.com\/pt-pt\/beneficios-do-azeite-para-a-saude\/#breadcrumb","itemListElement":[{"@type":"ListItem","position":1,"name":"In\u00edcio","item":"https:\/\/psaalentejo.com\/pt-pt\/"},{"@type":"ListItem","position":2,"name":"Health"}]},{"@type":"WebSite","@id":"https:\/\/psaalentejo.com\/pt-pt\/#website","url":"https:\/\/psaalentejo.com\/pt-pt\/","name":"PSAA","description":"Programa de Sustentabilidade do Azeite do Alentejo","publisher":{"@id":"https:\/\/psaalentejo.com\/pt-pt\/#organization"},"potentialAction":[{"@type":"SearchAction","target":{"@type":"EntryPoint","urlTemplate":"https:\/\/psaalentejo.com\/pt-pt\/?s={search_term_string}"},"query-input":{"@type":"PropertyValueSpecification","valueRequired":true,"valueName":"search_term_string"}}],"inLanguage":"en-US"},{"@type":"Organization","@id":"https:\/\/psaalentejo.com\/pt-pt\/#organization","name":"Programa de Sustentabilidade do Azeite do Alentejo","url":"https:\/\/psaalentejo.com\/pt-pt\/","logo":{"@type":"ImageObject","inLanguage":"en-US","@id":"https:\/\/psaalentejo.com\/pt-pt\/#\/schema\/logo\/image\/","url":"https:\/\/psaalentejo.com\/wp-content\/uploads\/Grupo-20.svg","contentUrl":"https:\/\/psaalentejo.com\/wp-content\/uploads\/Grupo-20.svg","width":166,"height":51,"caption":"Programa de Sustentabilidade do Azeite do Alentejo"},"image":{"@id":"https:\/\/psaalentejo.com\/pt-pt\/#\/schema\/logo\/image\/"},"sameAs":["https:\/\/www.facebook.com\/PSAAlentejo","https:\/\/www.instagram.com\/psaa_azeitedoalentejo\/","https:\/\/www.linkedin.com\/company\/programa-de-sustentabilidade-azeite-do-alentejo\/"]}]}},"taxonomy_info":[],"featured_image_src_large":["https:\/\/psaalentejo.com\/wp-content\/uploads\/520946839-1024x678.jpg",640,424,true],"author_info":{"display_name":"Joaquim Cabral","author_link":"https:\/\/psaalentejo.com\/en\/author\/jcabralconsulai-com\/"},"comment_info":0,"_links":{"self":[{"href":"https:\/\/psaalentejo.com\/en\/wp-json\/wp\/v2\/pages\/554","targetHints":{"allow":["GET"]}}],"collection":[{"href":"https:\/\/psaalentejo.com\/en\/wp-json\/wp\/v2\/pages"}],"about":[{"href":"https:\/\/psaalentejo.com\/en\/wp-json\/wp\/v2\/types\/page"}],"author":[{"embeddable":true,"href":"https:\/\/psaalentejo.com\/en\/wp-json\/wp\/v2\/users\/2"}],"replies":[{"embeddable":true,"href":"https:\/\/psaalentejo.com\/en\/wp-json\/wp\/v2\/comments?post=554"}],"version-history":[{"count":10,"href":"https:\/\/psaalentejo.com\/en\/wp-json\/wp\/v2\/pages\/554\/revisions"}],"predecessor-version":[{"id":1104,"href":"https:\/\/psaalentejo.com\/en\/wp-json\/wp\/v2\/pages\/554\/revisions\/1104"}],"wp:featuredmedia":[{"embeddable":true,"href":"https:\/\/psaalentejo.com\/en\/wp-json\/wp\/v2\/media\/79"}],"wp:attachment":[{"href":"https:\/\/psaalentejo.com\/en\/wp-json\/wp\/v2\/media?parent=554"}],"curies":[{"name":"wp","href":"https:\/\/api.w.org\/{rel}","templated":true}]}}